{"id":2,"date":"2025-07-21T22:06:31","date_gmt":"2025-07-21T22:06:31","guid":{"rendered":"https:\/\/rafaelvizcarra.com\/?page_id=2"},"modified":"2025-10-20T19:19:56","modified_gmt":"2025-10-20T19:19:56","slug":"blog","status":"publish","type":"page","link":"https:\/\/rafaelvizcarra.com\/en\/blog\/","title":{"rendered":"Blog"},"content":{"rendered":"\t\t<div data-elementor-type=\"wp-page\" data-elementor-id=\"2\" class=\"elementor elementor-2\" data-elementor-post-type=\"page\">\n\t\t\t\t<div class=\"elementor-element elementor-element-7ac4219 e-flex e-con-boxed e-con e-parent\" data-id=\"7ac4219\" data-element_type=\"container\" data-e-type=\"container\">\n\t\t\t\t\t<div class=\"e-con-inner\">\n\t\t<div class=\"elementor-element elementor-element-fe4a7e6 e-con-full e-flex e-con e-child\" data-id=\"fe4a7e6\" data-element_type=\"container\" data-e-type=\"container\" data-settings=\"{&quot;background_background&quot;:&quot;classic&quot;}\">\n\t\t\t\t<div class=\"elementor-element elementor-element-603227c elementor-widget elementor-widget-heading\" data-id=\"603227c\" data-element_type=\"widget\" data-e-type=\"widget\" data-widget_type=\"heading.default\">\n\t\t\t\t\t<h1 class=\"elementor-heading-title elementor-size-default\">Nuestro Blog<\/h1>\t\t\t\t<\/div>\n\t\t\t\t<\/div>\n\t\t\t\t\t<\/div>\n\t\t\t\t<\/div>\n\t\t<div class=\"elementor-element elementor-element-e60785d e-flex e-con-boxed e-con e-parent\" data-id=\"e60785d\" data-element_type=\"container\" data-e-type=\"container\">\n\t\t\t\t\t<div class=\"e-con-inner\">\n\t\t\t\t<div class=\"elementor-element elementor-element-f9d4ff0 elementor-grid-3 elementor-grid-tablet-2 elementor-grid-mobile-1 elementor-widget elementor-widget-loop-grid\" data-id=\"f9d4ff0\" data-element_type=\"widget\" data-e-type=\"widget\" data-settings=\"{&quot;template_id&quot;:204,&quot;_skin&quot;:&quot;post&quot;,&quot;columns&quot;:&quot;3&quot;,&quot;columns_tablet&quot;:&quot;2&quot;,&quot;columns_mobile&quot;:&quot;1&quot;,&quot;edit_handle_selector&quot;:&quot;[data-elementor-type=\\&quot;loop-item\\&quot;]&quot;,&quot;row_gap&quot;:{&quot;unit&quot;:&quot;px&quot;,&quot;size&quot;:&quot;&quot;,&quot;sizes&quot;:[]},&quot;row_gap_tablet&quot;:{&quot;unit&quot;:&quot;px&quot;,&quot;size&quot;:&quot;&quot;,&quot;sizes&quot;:[]},&quot;row_gap_mobile&quot;:{&quot;unit&quot;:&quot;px&quot;,&quot;size&quot;:&quot;&quot;,&quot;sizes&quot;:[]}}\" data-widget_type=\"loop-grid.post\">\n\t\t\t\t<div class=\"elementor-widget-container\">\n\t\t\t\t\t\t\t<div class=\"elementor-loop-container elementor-grid\" role=\"list\">\n\t\t<style id=\"loop-dynamic-204\">.e-loop-item-1317 .elementor-element.elementor-element-9dc39a2:not(.elementor-motion-effects-element-type-background), .e-loop-item-1317 .elementor-element.elementor-element-9dc39a2 > .elementor-motion-effects-container > .elementor-motion-effects-layer{background-image:url(\"https:\/\/rafaelvizcarra.com\/wp-content\/uploads\/2026\/03\/No-puedo-bajar-de-peso-aunque-haga-dieta-y-ejercicio.webp\");}<\/style><style id=\"loop-204\">.elementor-204 .elementor-element.elementor-element-b06315f{--display:flex;--flex-direction:column;--container-widget-width:100%;--container-widget-height:initial;--container-widget-flex-grow:0;--container-widget-align-self:initial;--flex-wrap-mobile:wrap;--gap:10px 0px;--row-gap:10px;--column-gap:0px;--border-radius:20px 20px 20px 20px;--padding-top:25px;--padding-bottom:25px;--padding-left:25px;--padding-right:25px;}.elementor-204 .elementor-element.elementor-element-b06315f:not(.elementor-motion-effects-element-type-background), .elementor-204 .elementor-element.elementor-element-b06315f > .elementor-motion-effects-container > .elementor-motion-effects-layer{background-color:#F3EEE566;}.elementor-204 .elementor-element.elementor-element-9dc39a2{--display:flex;--min-height:175px;--border-radius:25px 25px 25px 25px;--margin-top:0px;--margin-bottom:10px;--margin-left:0px;--margin-right:0px;--padding-top:0px;--padding-bottom:0px;--padding-left:0px;--padding-right:0px;}.elementor-204 .elementor-element.elementor-element-9dc39a2:not(.elementor-motion-effects-element-type-background), .elementor-204 .elementor-element.elementor-element-9dc39a2 > .elementor-motion-effects-container > .elementor-motion-effects-layer{background-position:center center;background-size:cover;}.elementor-widget-heading .elementor-heading-title{font-family:var( --e-global-typography-primary-font-family ), Sans-serif;font-weight:var( --e-global-typography-primary-font-weight );color:var( --e-global-color-primary );}.elementor-204 .elementor-element.elementor-element-3bd833c{text-align:start;}.elementor-204 .elementor-element.elementor-element-3bd833c .elementor-heading-title{font-family:\"Lufga\", Sans-serif;font-size:21px;font-weight:600;color:#000000;}.elementor-204 .elementor-element.elementor-element-4727e40{text-align:start;margin:0px 0px calc(var(--kit-widget-spacing, 0px) + 0px) 0px;padding:0px 0px 0px 0px;}.elementor-204 .elementor-element.elementor-element-4727e40 .elementor-heading-title{font-family:\"Lufga\", Sans-serif;font-size:14px;font-weight:400;color:#52525B;}.elementor-widget-button .elementor-button{font-family:var( --e-global-typography-accent-font-family ), Sans-serif;font-weight:var( --e-global-typography-accent-font-weight );background-color:var( --e-global-color-accent );}.elementor-204 .elementor-element.elementor-element-79d8bf9 .elementor-button-content-wrapper{flex-direction:row-reverse;}.elementor-204 .elementor-element.elementor-element-79d8bf9 .elementor-button .elementor-button-content-wrapper{gap:15px;}.elementor-204 .elementor-element.elementor-element-79d8bf9 .elementor-button{font-family:\"Lufga\", Sans-serif;font-size:17px;font-weight:500;fill:#1D313C;color:#1D313C;background-color:#C7EBC8;border-radius:100px 100px 100px 100px;padding:12px 25px 12px 25px;}.elementor-204 .elementor-element.elementor-element-79d8bf9{margin:10px 0px calc(var(--kit-widget-spacing, 0px) + 0px) 0px;padding:0px 0px 0px 0px;}<\/style>\t\t<div data-elementor-type=\"loop-item\" data-elementor-id=\"204\" class=\"elementor elementor-204 e-loop-item e-loop-item-1317 post-1317 post type-post status-publish format-standard has-post-thumbnail hentry category-articulo tag-alternativas-para-bajar-de-peso tag-cirugia-bariatrica tag-como-bajar-de-peso tag-no-puedo-bajar-de-peso\" data-elementor-post-type=\"elementor_library\" data-custom-edit-handle=\"1\">\n\t\t\t<div class=\"elementor-element elementor-element-b06315f e-con-full e-flex e-con e-parent\" data-id=\"b06315f\" data-element_type=\"container\" data-e-type=\"container\" data-settings=\"{&quot;background_background&quot;:&quot;classic&quot;}\">\n\t\t<div class=\"elementor-element elementor-element-9dc39a2 e-con-full e-flex e-con e-child\" data-id=\"9dc39a2\" data-element_type=\"container\" data-e-type=\"container\" data-settings=\"{&quot;background_background&quot;:&quot;classic&quot;}\">\n\t\t\t\t<\/div>\n\t\t\t\t<div class=\"elementor-element elementor-element-3bd833c elementor-widget elementor-widget-heading\" data-id=\"3bd833c\" data-element_type=\"widget\" data-e-type=\"widget\" data-widget_type=\"heading.default\">\n\t\t\t\t\t<h2 class=\"elementor-heading-title elementor-size-default\">No puedo bajar de peso aunque haga dieta y ejercicio: por qu\u00e9 sucede<\/h2>\t\t\t\t<\/div>\n\t\t\t\t<div class=\"elementor-element elementor-element-4727e40 elementor-widget elementor-widget-heading\" data-id=\"4727e40\" data-element_type=\"widget\" data-e-type=\"widget\" data-widget_type=\"heading.default\">\n\t\t\t\t\t<h2 class=\"elementor-heading-title elementor-size-default\">March 12, 2026<\/h2>\t\t\t\t<\/div>\n\t\t\t\t<div class=\"elementor-element elementor-element-79d8bf9 elementor-widget elementor-widget-button\" data-id=\"79d8bf9\" data-element_type=\"widget\" data-e-type=\"widget\" data-widget_type=\"button.default\">\n\t\t\t\t\t\t\t\t\t\t<a class=\"elementor-button elementor-button-link elementor-size-sm\" href=\"https:\/\/rafaelvizcarra.com\/en\/articulo\/no-puedo-bajar-de-peso-aunque-haga-dieta-y-ejercicio\/\">\n\t\t\t\t\t\t<span class=\"elementor-button-content-wrapper\">\n\t\t\t\t\t\t<span class=\"elementor-button-icon\">\n\t\t\t\t<svg aria-hidden=\"true\" class=\"e-font-icon-svg e-fas-arrow-right\" viewBox=\"0 0 448 512\" xmlns=\"http:\/\/www.w3.org\/2000\/svg\"><path d=\"M190.5 66.9l22.2-22.2c9.4-9.4 24.6-9.4 33.9 0L441 239c9.4 9.4 9.4 24.6 0 33.9L246.6 467.3c-9.4 9.4-24.6 9.4-33.9 0l-22.2-22.2c-9.5-9.5-9.3-25 .4-34.3L311.4 296H24c-13.3 0-24-10.7-24-24v-32c0-13.3 10.7-24 24-24h287.4L190.9 101.2c-9.8-9.3-10-24.8-.4-34.3z\"><\/path><\/svg>\t\t\t<\/span>\n\t\t\t\t\t\t\t\t\t<span class=\"elementor-button-text\">Ver m\u00e1s<\/span>\n\t\t\t\t\t<\/span>\n\t\t\t\t\t<\/a>\n\t\t\t\t\t\t\t\t<\/div>\n\t\t\t\t<\/div>\n\t\t\t\t<\/div>\n\t\t<style id=\"loop-dynamic-204\">.e-loop-item-1305 .elementor-element.elementor-element-9dc39a2:not(.elementor-motion-effects-element-type-background), .e-loop-item-1305 .elementor-element.elementor-element-9dc39a2 > .elementor-motion-effects-container > .elementor-motion-effects-layer{background-image:url(\"https:\/\/rafaelvizcarra.com\/wp-content\/uploads\/2026\/02\/BariClip_-que-es-ventajas-y-quien-es-candidato-ideal-en-Ciudad-Juarez.webp\");}<\/style>\t\t<div data-elementor-type=\"loop-item\" data-elementor-id=\"204\" class=\"elementor elementor-204 e-loop-item e-loop-item-1305 post-1305 post type-post status-publish format-standard has-post-thumbnail hentry category-articulo tag-bariclip-en-ciudad-juarez tag-cirugia-bariatrica-en-ciudad-juarez\" data-elementor-post-type=\"elementor_library\" data-custom-edit-handle=\"1\">\n\t\t\t<div class=\"elementor-element elementor-element-b06315f e-con-full e-flex e-con e-parent\" data-id=\"b06315f\" data-element_type=\"container\" data-e-type=\"container\" data-settings=\"{&quot;background_background&quot;:&quot;classic&quot;}\">\n\t\t<div class=\"elementor-element elementor-element-9dc39a2 e-con-full e-flex e-con e-child\" data-id=\"9dc39a2\" data-element_type=\"container\" data-e-type=\"container\" data-settings=\"{&quot;background_background&quot;:&quot;classic&quot;}\">\n\t\t\t\t<\/div>\n\t\t\t\t<div class=\"elementor-element elementor-element-3bd833c elementor-widget elementor-widget-heading\" data-id=\"3bd833c\" data-element_type=\"widget\" data-e-type=\"widget\" data-widget_type=\"heading.default\">\n\t\t\t\t\t<h2 class=\"elementor-heading-title elementor-size-default\">BariClip: qu\u00e9 es, ventajas y qui\u00e9n es candidato ideal en Ciudad Ju\u00e1rez<\/h2>\t\t\t\t<\/div>\n\t\t\t\t<div class=\"elementor-element elementor-element-4727e40 elementor-widget elementor-widget-heading\" data-id=\"4727e40\" data-element_type=\"widget\" data-e-type=\"widget\" data-widget_type=\"heading.default\">\n\t\t\t\t\t<h2 class=\"elementor-heading-title elementor-size-default\">February 13, 2026<\/h2>\t\t\t\t<\/div>\n\t\t\t\t<div class=\"elementor-element elementor-element-79d8bf9 elementor-widget elementor-widget-button\" data-id=\"79d8bf9\" data-element_type=\"widget\" data-e-type=\"widget\" data-widget_type=\"button.default\">\n\t\t\t\t\t\t\t\t\t\t<a class=\"elementor-button elementor-button-link elementor-size-sm\" href=\"https:\/\/rafaelvizcarra.com\/en\/articulo\/bariclip-que-es-ventajas-y-quien-es-candidato-ideal-en-ciudad-juarez\/\">\n\t\t\t\t\t\t<span class=\"elementor-button-content-wrapper\">\n\t\t\t\t\t\t<span class=\"elementor-button-icon\">\n\t\t\t\t<svg aria-hidden=\"true\" class=\"e-font-icon-svg e-fas-arrow-right\" viewBox=\"0 0 448 512\" xmlns=\"http:\/\/www.w3.org\/2000\/svg\"><path d=\"M190.5 66.9l22.2-22.2c9.4-9.4 24.6-9.4 33.9 0L441 239c9.4 9.4 9.4 24.6 0 33.9L246.6 467.3c-9.4 9.4-24.6 9.4-33.9 0l-22.2-22.2c-9.5-9.5-9.3-25 .4-34.3L311.4 296H24c-13.3 0-24-10.7-24-24v-32c0-13.3 10.7-24 24-24h287.4L190.9 101.2c-9.8-9.3-10-24.8-.4-34.3z\"><\/path><\/svg>\t\t\t<\/span>\n\t\t\t\t\t\t\t\t\t<span class=\"elementor-button-text\">Ver m\u00e1s<\/span>\n\t\t\t\t\t<\/span>\n\t\t\t\t\t<\/a>\n\t\t\t\t\t\t\t\t<\/div>\n\t\t\t\t<\/div>\n\t\t\t\t<\/div>\n\t\t<style id=\"loop-dynamic-204\">.e-loop-item-1143 .elementor-element.elementor-element-9dc39a2:not(.elementor-motion-effects-element-type-background), .e-loop-item-1143 .elementor-element.elementor-element-9dc39a2 > .elementor-motion-effects-container > .elementor-motion-effects-layer{background-image:url(\"https:\/\/rafaelvizcarra.com\/wp-content\/uploads\/2026\/01\/Manga-gastrica-vs-bypass_-diferencias-resultados-y-como-elegir.webp\");}<\/style>\t\t<div data-elementor-type=\"loop-item\" data-elementor-id=\"204\" class=\"elementor elementor-204 e-loop-item e-loop-item-1143 post-1143 post type-post status-publish format-standard has-post-thumbnail hentry category-articulo tag-cirugia-para-bajar-de-peso tag-manga-gastrica-vs-bypass tag-procedimiento-para-bajar-de-peso tag-tipos-de-cirugia-bariatrica\" data-elementor-post-type=\"elementor_library\" data-custom-edit-handle=\"1\">\n\t\t\t<div class=\"elementor-element elementor-element-b06315f e-con-full e-flex e-con e-parent\" data-id=\"b06315f\" data-element_type=\"container\" data-e-type=\"container\" data-settings=\"{&quot;background_background&quot;:&quot;classic&quot;}\">\n\t\t<div class=\"elementor-element elementor-element-9dc39a2 e-con-full e-flex e-con e-child\" data-id=\"9dc39a2\" data-element_type=\"container\" data-e-type=\"container\" data-settings=\"{&quot;background_background&quot;:&quot;classic&quot;}\">\n\t\t\t\t<\/div>\n\t\t\t\t<div class=\"elementor-element elementor-element-3bd833c elementor-widget elementor-widget-heading\" data-id=\"3bd833c\" data-element_type=\"widget\" data-e-type=\"widget\" data-widget_type=\"heading.default\">\n\t\t\t\t\t<h2 class=\"elementor-heading-title elementor-size-default\">Manga g\u00e1strica vs bypass: diferencias, resultados y c\u00f3mo elegir<\/h2>\t\t\t\t<\/div>\n\t\t\t\t<div class=\"elementor-element elementor-element-4727e40 elementor-widget elementor-widget-heading\" data-id=\"4727e40\" data-element_type=\"widget\" data-e-type=\"widget\" data-widget_type=\"heading.default\">\n\t\t\t\t\t<h2 class=\"elementor-heading-title elementor-size-default\">January 16, 2026<\/h2>\t\t\t\t<\/div>\n\t\t\t\t<div class=\"elementor-element elementor-element-79d8bf9 elementor-widget elementor-widget-button\" data-id=\"79d8bf9\" data-element_type=\"widget\" data-e-type=\"widget\" data-widget_type=\"button.default\">\n\t\t\t\t\t\t\t\t\t\t<a class=\"elementor-button elementor-button-link elementor-size-sm\" href=\"https:\/\/rafaelvizcarra.com\/en\/articulo\/manga-gastrica-vs-bypass-diferencias\/\">\n\t\t\t\t\t\t<span class=\"elementor-button-content-wrapper\">\n\t\t\t\t\t\t<span class=\"elementor-button-icon\">\n\t\t\t\t<svg aria-hidden=\"true\" class=\"e-font-icon-svg e-fas-arrow-right\" viewBox=\"0 0 448 512\" xmlns=\"http:\/\/www.w3.org\/2000\/svg\"><path d=\"M190.5 66.9l22.2-22.2c9.4-9.4 24.6-9.4 33.9 0L441 239c9.4 9.4 9.4 24.6 0 33.9L246.6 467.3c-9.4 9.4-24.6 9.4-33.9 0l-22.2-22.2c-9.5-9.5-9.3-25 .4-34.3L311.4 296H24c-13.3 0-24-10.7-24-24v-32c0-13.3 10.7-24 24-24h287.4L190.9 101.2c-9.8-9.3-10-24.8-.4-34.3z\"><\/path><\/svg>\t\t\t<\/span>\n\t\t\t\t\t\t\t\t\t<span class=\"elementor-button-text\">Ver m\u00e1s<\/span>\n\t\t\t\t\t<\/span>\n\t\t\t\t\t<\/a>\n\t\t\t\t\t\t\t\t<\/div>\n\t\t\t\t<\/div>\n\t\t\t\t<\/div>\n\t\t<style id=\"loop-dynamic-204\">.e-loop-item-1057 .elementor-element.elementor-element-9dc39a2:not(.elementor-motion-effects-element-type-background), .e-loop-item-1057 .elementor-element.elementor-element-9dc39a2 > .elementor-motion-effects-container > .elementor-motion-effects-layer{background-image:url(\"https:\/\/rafaelvizcarra.com\/wp-content\/uploads\/2025\/12\/Especialista-en-cirugia-bariatrica-por-que-pacientes-eligen-Ciudad-Juarez.webp\");}<\/style>\t\t<div data-elementor-type=\"loop-item\" data-elementor-id=\"204\" class=\"elementor elementor-204 e-loop-item e-loop-item-1057 post-1057 post type-post status-publish format-standard has-post-thumbnail hentry category-articulo tag-atencion-medica-transfronteriza tag-cirugia-bariatrica tag-cirugia-bariatrica-en-ciudad-juarez tag-especialista-en-cirugia-bariatrica tag-turismo-medico-en-ciudad-juarez\" data-elementor-post-type=\"elementor_library\" data-custom-edit-handle=\"1\">\n\t\t\t<div class=\"elementor-element elementor-element-b06315f e-con-full e-flex e-con e-parent\" data-id=\"b06315f\" data-element_type=\"container\" data-e-type=\"container\" data-settings=\"{&quot;background_background&quot;:&quot;classic&quot;}\">\n\t\t<div class=\"elementor-element elementor-element-9dc39a2 e-con-full e-flex e-con e-child\" data-id=\"9dc39a2\" data-element_type=\"container\" data-e-type=\"container\" data-settings=\"{&quot;background_background&quot;:&quot;classic&quot;}\">\n\t\t\t\t<\/div>\n\t\t\t\t<div class=\"elementor-element elementor-element-3bd833c elementor-widget elementor-widget-heading\" data-id=\"3bd833c\" data-element_type=\"widget\" data-e-type=\"widget\" data-widget_type=\"heading.default\">\n\t\t\t\t\t<h2 class=\"elementor-heading-title elementor-size-default\">Especialista en cirug\u00eda bari\u00e1trica: por qu\u00e9 pacientes de El Paso eligen Ciudad Ju\u00e1rez<\/h2>\t\t\t\t<\/div>\n\t\t\t\t<div class=\"elementor-element elementor-element-4727e40 elementor-widget elementor-widget-heading\" data-id=\"4727e40\" data-element_type=\"widget\" data-e-type=\"widget\" data-widget_type=\"heading.default\">\n\t\t\t\t\t<h2 class=\"elementor-heading-title elementor-size-default\">December 22, 2025<\/h2>\t\t\t\t<\/div>\n\t\t\t\t<div class=\"elementor-element elementor-element-79d8bf9 elementor-widget elementor-widget-button\" data-id=\"79d8bf9\" data-element_type=\"widget\" data-e-type=\"widget\" data-widget_type=\"button.default\">\n\t\t\t\t\t\t\t\t\t\t<a class=\"elementor-button elementor-button-link elementor-size-sm\" href=\"https:\/\/rafaelvizcarra.com\/en\/articulo\/especialista-en-cirugia-bariatrica-por-que-pacientes-de-el-paso-eligen-ciudad-juarez\/\">\n\t\t\t\t\t\t<span class=\"elementor-button-content-wrapper\">\n\t\t\t\t\t\t<span class=\"elementor-button-icon\">\n\t\t\t\t<svg aria-hidden=\"true\" class=\"e-font-icon-svg e-fas-arrow-right\" viewBox=\"0 0 448 512\" xmlns=\"http:\/\/www.w3.org\/2000\/svg\"><path d=\"M190.5 66.9l22.2-22.2c9.4-9.4 24.6-9.4 33.9 0L441 239c9.4 9.4 9.4 24.6 0 33.9L246.6 467.3c-9.4 9.4-24.6 9.4-33.9 0l-22.2-22.2c-9.5-9.5-9.3-25 .4-34.3L311.4 296H24c-13.3 0-24-10.7-24-24v-32c0-13.3 10.7-24 24-24h287.4L190.9 101.2c-9.8-9.3-10-24.8-.4-34.3z\"><\/path><\/svg>\t\t\t<\/span>\n\t\t\t\t\t\t\t\t\t<span class=\"elementor-button-text\">Ver m\u00e1s<\/span>\n\t\t\t\t\t<\/span>\n\t\t\t\t\t<\/a>\n\t\t\t\t\t\t\t\t<\/div>\n\t\t\t\t<\/div>\n\t\t\t\t<\/div>\n\t\t<style id=\"loop-dynamic-204\">.e-loop-item-943 .elementor-element.elementor-element-9dc39a2:not(.elementor-motion-effects-element-type-background), .e-loop-item-943 .elementor-element.elementor-element-9dc39a2 > .elementor-motion-effects-container > .elementor-motion-effects-layer{background-image:url(\"https:\/\/rafaelvizcarra.com\/wp-content\/uploads\/2025\/11\/\u00bfSoy-candidato-a-una-manga-gastrica_-Senales-claras-para-saberlo.webp\");}<\/style>\t\t<div data-elementor-type=\"loop-item\" data-elementor-id=\"204\" class=\"elementor elementor-204 e-loop-item e-loop-item-943 post-943 post type-post status-publish format-standard has-post-thumbnail hentry category-articulo tag-cirugia-bariatrica-en-ciudad-juarez tag-cirugia-para-bajar-de-peso tag-manga-gastrica tag-manga-gastrica-en-ciudad-juarez\" data-elementor-post-type=\"elementor_library\" data-custom-edit-handle=\"1\">\n\t\t\t<div class=\"elementor-element elementor-element-b06315f e-con-full e-flex e-con e-parent\" data-id=\"b06315f\" data-element_type=\"container\" data-e-type=\"container\" data-settings=\"{&quot;background_background&quot;:&quot;classic&quot;}\">\n\t\t<div class=\"elementor-element elementor-element-9dc39a2 e-con-full e-flex e-con e-child\" data-id=\"9dc39a2\" data-element_type=\"container\" data-e-type=\"container\" data-settings=\"{&quot;background_background&quot;:&quot;classic&quot;}\">\n\t\t\t\t<\/div>\n\t\t\t\t<div class=\"elementor-element elementor-element-3bd833c elementor-widget elementor-widget-heading\" data-id=\"3bd833c\" data-element_type=\"widget\" data-e-type=\"widget\" data-widget_type=\"heading.default\">\n\t\t\t\t\t<h2 class=\"elementor-heading-title elementor-size-default\">\u00bfSoy candidato a una manga g\u00e1strica? Se\u00f1ales claras para saberlo<\/h2>\t\t\t\t<\/div>\n\t\t\t\t<div class=\"elementor-element elementor-element-4727e40 elementor-widget elementor-widget-heading\" data-id=\"4727e40\" data-element_type=\"widget\" data-e-type=\"widget\" data-widget_type=\"heading.default\">\n\t\t\t\t\t<h2 class=\"elementor-heading-title elementor-size-default\">November 21, 2025<\/h2>\t\t\t\t<\/div>\n\t\t\t\t<div class=\"elementor-element elementor-element-79d8bf9 elementor-widget elementor-widget-button\" data-id=\"79d8bf9\" data-element_type=\"widget\" data-e-type=\"widget\" data-widget_type=\"button.default\">\n\t\t\t\t\t\t\t\t\t\t<a class=\"elementor-button elementor-button-link elementor-size-sm\" href=\"https:\/\/rafaelvizcarra.com\/en\/articulo\/soy-candidato-a-una-manga-gastrica\/\">\n\t\t\t\t\t\t<span class=\"elementor-button-content-wrapper\">\n\t\t\t\t\t\t<span class=\"elementor-button-icon\">\n\t\t\t\t<svg aria-hidden=\"true\" class=\"e-font-icon-svg e-fas-arrow-right\" viewBox=\"0 0 448 512\" xmlns=\"http:\/\/www.w3.org\/2000\/svg\"><path d=\"M190.5 66.9l22.2-22.2c9.4-9.4 24.6-9.4 33.9 0L441 239c9.4 9.4 9.4 24.6 0 33.9L246.6 467.3c-9.4 9.4-24.6 9.4-33.9 0l-22.2-22.2c-9.5-9.5-9.3-25 .4-34.3L311.4 296H24c-13.3 0-24-10.7-24-24v-32c0-13.3 10.7-24 24-24h287.4L190.9 101.2c-9.8-9.3-10-24.8-.4-34.3z\"><\/path><\/svg>\t\t\t<\/span>\n\t\t\t\t\t\t\t\t\t<span class=\"elementor-button-text\">Ver m\u00e1s<\/span>\n\t\t\t\t\t<\/span>\n\t\t\t\t\t<\/a>\n\t\t\t\t\t\t\t\t<\/div>\n\t\t\t\t<\/div>\n\t\t\t\t<\/div>\n\t\t<style id=\"loop-dynamic-204\">.e-loop-item-823 .elementor-element.elementor-element-9dc39a2:not(.elementor-motion-effects-element-type-background), .e-loop-item-823 .elementor-element.elementor-element-9dc39a2 > .elementor-motion-effects-container > .elementor-motion-effects-layer{background-image:url(\"https:\/\/rafaelvizcarra.com\/wp-content\/uploads\/2025\/10\/Tipos-de-cirugia-bariatrica-en-Ciudad-Juarez.webp\");}<\/style>\t\t<div data-elementor-type=\"loop-item\" data-elementor-id=\"204\" class=\"elementor elementor-204 e-loop-item e-loop-item-823 post-823 post type-post status-publish format-standard has-post-thumbnail hentry category-articulo tag-bypass-gastrico tag-cirugia-bariatrica-en-ciudad-juarez tag-magna-gastrica tag-tipos-de-cirugia-bariatrica\" data-elementor-post-type=\"elementor_library\" data-custom-edit-handle=\"1\">\n\t\t\t<div class=\"elementor-element elementor-element-b06315f e-con-full e-flex e-con e-parent\" data-id=\"b06315f\" data-element_type=\"container\" data-e-type=\"container\" data-settings=\"{&quot;background_background&quot;:&quot;classic&quot;}\">\n\t\t<div class=\"elementor-element elementor-element-9dc39a2 e-con-full e-flex e-con e-child\" data-id=\"9dc39a2\" data-element_type=\"container\" data-e-type=\"container\" data-settings=\"{&quot;background_background&quot;:&quot;classic&quot;}\">\n\t\t\t\t<\/div>\n\t\t\t\t<div class=\"elementor-element elementor-element-3bd833c elementor-widget elementor-widget-heading\" data-id=\"3bd833c\" data-element_type=\"widget\" data-e-type=\"widget\" data-widget_type=\"heading.default\">\n\t\t\t\t\t<h2 class=\"elementor-heading-title elementor-size-default\">Tipos de cirug\u00eda bari\u00e1trica en Ciudad Ju\u00e1rez<\/h2>\t\t\t\t<\/div>\n\t\t\t\t<div class=\"elementor-element elementor-element-4727e40 elementor-widget elementor-widget-heading\" data-id=\"4727e40\" data-element_type=\"widget\" data-e-type=\"widget\" data-widget_type=\"heading.default\">\n\t\t\t\t\t<h2 class=\"elementor-heading-title elementor-size-default\">October 20, 2025<\/h2>\t\t\t\t<\/div>\n\t\t\t\t<div class=\"elementor-element elementor-element-79d8bf9 elementor-widget elementor-widget-button\" data-id=\"79d8bf9\" data-element_type=\"widget\" data-e-type=\"widget\" data-widget_type=\"button.default\">\n\t\t\t\t\t\t\t\t\t\t<a class=\"elementor-button elementor-button-link elementor-size-sm\" href=\"https:\/\/rafaelvizcarra.com\/en\/articulo\/tipos-de-cirugia-bariatrica-en-ciudad-juarez\/\">\n\t\t\t\t\t\t<span class=\"elementor-button-content-wrapper\">\n\t\t\t\t\t\t<span class=\"elementor-button-icon\">\n\t\t\t\t<svg aria-hidden=\"true\" class=\"e-font-icon-svg e-fas-arrow-right\" viewBox=\"0 0 448 512\" xmlns=\"http:\/\/www.w3.org\/2000\/svg\"><path d=\"M190.5 66.9l22.2-22.2c9.4-9.4 24.6-9.4 33.9 0L441 239c9.4 9.4 9.4 24.6 0 33.9L246.6 467.3c-9.4 9.4-24.6 9.4-33.9 0l-22.2-22.2c-9.5-9.5-9.3-25 .4-34.3L311.4 296H24c-13.3 0-24-10.7-24-24v-32c0-13.3 10.7-24 24-24h287.4L190.9 101.2c-9.8-9.3-10-24.8-.4-34.3z\"><\/path><\/svg>\t\t\t<\/span>\n\t\t\t\t\t\t\t\t\t<span class=\"elementor-button-text\">Ver m\u00e1s<\/span>\n\t\t\t\t\t<\/span>\n\t\t\t\t\t<\/a>\n\t\t\t\t\t\t\t\t<\/div>\n\t\t\t\t<\/div>\n\t\t\t\t<\/div>\n\t\t\t\t<\/div>\n\t\t\n\t\t\t\t\t\t<\/div>\n\t\t\t\t<\/div>\n\t\t\t\t\t<\/div>\n\t\t\t\t<\/div>\n\t\t\t\t<\/div>\n\t\t","protected":false},"excerpt":{"rendered":"<p>Our Blog<\/p>","protected":false},"author":1,"featured_media":0,"parent":0,"menu_order":0,"comment_status":"closed","ping_status":"open","template":"elementor_header_footer","meta":{"footnotes":""},"class_list":["post-2","page","type-page","status-publish","hentry"],"_links":{"self":[{"href":"https:\/\/rafaelvizcarra.com\/en\/wp-json\/wp\/v2\/pages\/2","targetHints":{"allow":["GET"]}}],"collection":[{"href":"https:\/\/rafaelvizcarra.com\/en\/wp-json\/wp\/v2\/pages"}],"about":[{"href":"https:\/\/rafaelvizcarra.com\/en\/wp-json\/wp\/v2\/types\/page"}],"author":[{"embeddable":true,"href":"https:\/\/rafaelvizcarra.com\/en\/wp-json\/wp\/v2\/users\/1"}],"replies":[{"embeddable":true,"href":"https:\/\/rafaelvizcarra.com\/en\/wp-json\/wp\/v2\/comments?post=2"}],"version-history":[{"count":10,"href":"https:\/\/rafaelvizcarra.com\/en\/wp-json\/wp\/v2\/pages\/2\/revisions"}],"predecessor-version":[{"id":525,"href":"https:\/\/rafaelvizcarra.com\/en\/wp-json\/wp\/v2\/pages\/2\/revisions\/525"}],"wp:attachment":[{"href":"https:\/\/rafaelvizcarra.com\/en\/wp-json\/wp\/v2\/media?parent=2"}],"curies":[{"name":"wp","href":"https:\/\/api.w.org\/{rel}","templated":true}]}}